{"id":1737,"date":"2017-10-21T13:15:37","date_gmt":"2017-10-21T12:15:37","guid":{"rendered":"http:\/\/debecker.fr\/Guy\/Blog\/?page_id=1737"},"modified":"2017-10-21T13:33:16","modified_gmt":"2017-10-21T12:33:16","slug":"galerie-de-la-forge-a-lussan","status":"publish","type":"page","link":"http:\/\/debecker.fr\/Guy\/Blog\/les-encres\/galerie-de-la-forge-a-lussan","title":{"rendered":"Galerie de la Forge \u00e0 Lussan"},"content":{"rendered":"<p style=\"text-align: center;\">De septembre \u00e0 juin, l&rsquo;Association des Fers de Lussan occupe l&rsquo;ancienne forge du village et ouvre sa galerie aux visiteurs.<\/p>\n<p><a href=\"http:\/\/debecker.fr\/Guy\/Blog\/wp-content\/uploads\/2013\/03\/W03-001-4-Lussan-1-Vue-du-Mas-Chazel.jpg\"><img decoding=\"async\" loading=\"lazy\" class=\"aligncenter size-full wp-image-904\" src=\"http:\/\/debecker.fr\/Guy\/Blog\/wp-content\/uploads\/2013\/03\/W03-001-4-Lussan-1-Vue-du-Mas-Chazel.jpg\" alt=\"W03-001-4 Lussan #1 Vue du Mas Chazel\" width=\"936\" height=\"599\" srcset=\"http:\/\/debecker.fr\/Guy\/Blog\/wp-content\/uploads\/2013\/03\/W03-001-4-Lussan-1-Vue-du-Mas-Chazel.jpg 936w, http:\/\/debecker.fr\/Guy\/Blog\/wp-content\/uploads\/2013\/03\/W03-001-4-Lussan-1-Vue-du-Mas-Chazel-300x191.jpg 300w\" sizes=\"(max-width: 936px) 100vw, 936px\" \/><\/a><\/p>\n<p>&nbsp;<\/p>\n<p style=\"text-align: center;\">Parmi les \u0153uvres s\u00e9lectionn\u00e9es, les Fers de Lussan ont&nbsp;choisi 6 monotypes NB qui y resteront tout l&rsquo;hiver&#8230;<\/p>\n<p style=\"text-align: center;\"><a href=\"http:\/\/debecker.fr\/Guy\/Blog\/wp-content\/uploads\/2017\/11\/expo-2017-mnotypes.jpg\"><img decoding=\"async\" loading=\"lazy\" class=\"aligncenter size-large wp-image-1741\" src=\"http:\/\/debecker.fr\/Guy\/Blog\/wp-content\/uploads\/2017\/11\/expo-2017-mnotypes-1024x681.jpg\" alt=\"expo 2017 mnotypes\" width=\"640\" height=\"426\" srcset=\"http:\/\/debecker.fr\/Guy\/Blog\/wp-content\/uploads\/2017\/11\/expo-2017-mnotypes-1024x681.jpg 1024w, http:\/\/debecker.fr\/Guy\/Blog\/wp-content\/uploads\/2017\/11\/expo-2017-mnotypes-300x199.jpg 300w\" sizes=\"(max-width: 640px) 100vw, 640px\" \/><\/a><\/p>\n","protected":false},"excerpt":{"rendered":"<p>De septembre \u00e0 juin, l&rsquo;Association des Fers de Lussan occupe l&rsquo;ancienne forge du village et ouvre sa galerie aux visiteurs. &nbsp; Parmi les \u0153uvres s\u00e9lectionn\u00e9es, les Fers de Lussan ont&nbsp;choisi 6 monotypes NB qui y resteront tout l&rsquo;hiver&#8230;<\/p>\n","protected":false},"author":2,"featured_media":0,"parent":1723,"menu_order":1,"comment_status":"open","ping_status":"open","template":"","meta":{"ngg_post_thumbnail":0},"_links":{"self":[{"href":"http:\/\/debecker.fr\/Guy\/Blog\/wp-json\/wp\/v2\/pages\/1737"}],"collection":[{"href":"http:\/\/debecker.fr\/Guy\/Blog\/wp-json\/wp\/v2\/pages"}],"about":[{"href":"http:\/\/debecker.fr\/Guy\/Blog\/wp-json\/wp\/v2\/types\/page"}],"author":[{"embeddable":true,"href":"http:\/\/debecker.fr\/Guy\/Blog\/wp-json\/wp\/v2\/users\/2"}],"replies":[{"embeddable":true,"href":"http:\/\/debecker.fr\/Guy\/Blog\/wp-json\/wp\/v2\/comments?post=1737"}],"version-history":[{"count":2,"href":"http:\/\/debecker.fr\/Guy\/Blog\/wp-json\/wp\/v2\/pages\/1737\/revisions"}],"predecessor-version":[{"id":1742,"href":"http:\/\/debecker.fr\/Guy\/Blog\/wp-json\/wp\/v2\/pages\/1737\/revisions\/1742"}],"up":[{"embeddable":true,"href":"http:\/\/debecker.fr\/Guy\/Blog\/wp-json\/wp\/v2\/pages\/1723"}],"wp:attachment":[{"href":"http:\/\/debecker.fr\/Guy\/Blog\/wp-json\/wp\/v2\/media?parent=1737"}],"curies":[{"name":"wp","href":"https:\/\/api.w.org\/{rel}","templated":true}]}}