{"id":849,"date":"2013-03-15T18:27:10","date_gmt":"2013-03-15T17:27:10","guid":{"rendered":"http:\/\/debecker.fr\/Guy\/Blog"},"modified":"2020-11-18T17:08:24","modified_gmt":"2020-11-18T16:08:24","slug":"huiles-recentes","status":"publish","type":"page","link":"http:\/\/debecker.fr\/Guy\/Blog\/huiles-recentes","title":{"rendered":"Huiles, aquarelles et autres&#8230;."},"content":{"rendered":"<pre><a href=\"http:\/\/debecker.fr\/Guy\/Blog\/wp-content\/uploads\/2013\/03\/wwH13-013-Nu-allong\u00e9-2-100x80.jpg\"><img decoding=\"async\" loading=\"lazy\" class=\"size-full wp-image-1041 aligncenter\" alt=\"\" src=\"http:\/\/debecker.fr\/Guy\/Blog\/wp-content\/uploads\/2013\/03\/wwH13-013-Nu-allong\u00e9-2-100x80.jpg\" width=\"519\" height=\"408\" srcset=\"http:\/\/debecker.fr\/Guy\/Blog\/wp-content\/uploads\/2013\/03\/wwH13-013-Nu-allong\u00e9-2-100x80.jpg 519w, http:\/\/debecker.fr\/Guy\/Blog\/wp-content\/uploads\/2013\/03\/wwH13-013-Nu-allong\u00e9-2-100x80-300x235.jpg 300w\" sizes=\"(max-width: 519px) 100vw, 519px\" \/><\/a>\r\n<img decoding=\"async\" loading=\"lazy\" class=\"alignnone size-medium wp-image-1030\" alt=\"\" src=\"http:\/\/debecker.fr\/Guy\/Blog\/wp-content\/uploads\/2013\/03\/wH13-015-Paysage-Lauw-2-60x80-300x247.jpg\" width=\"300\" height=\"247\" srcset=\"http:\/\/debecker.fr\/Guy\/Blog\/wp-content\/uploads\/2013\/03\/wH13-015-Paysage-Lauw-2-60x80-300x247.jpg 300w, http:\/\/debecker.fr\/Guy\/Blog\/wp-content\/uploads\/2013\/03\/wH13-015-Paysage-Lauw-2-60x80.jpg 726w\" sizes=\"(max-width: 300px) 100vw, 300px\" \/>\u00a0                                        <a href=\"http:\/\/debecker.fr\/Guy\/Blog\/wp-content\/uploads\/2013\/03\/wH13-014-Paysage-Lauw-1-80x1002.jpg\"><img decoding=\"async\" loading=\"lazy\" class=\"alignnone size-medium wp-image-1033\" alt=\"\" src=\"http:\/\/debecker.fr\/Guy\/Blog\/wp-content\/uploads\/2013\/03\/wH13-014-Paysage-Lauw-1-80x1002-300x237.jpg\" width=\"300\" height=\"237\" srcset=\"http:\/\/debecker.fr\/Guy\/Blog\/wp-content\/uploads\/2013\/03\/wH13-014-Paysage-Lauw-1-80x1002-300x237.jpg 300w, http:\/\/debecker.fr\/Guy\/Blog\/wp-content\/uploads\/2013\/03\/wH13-014-Paysage-Lauw-1-80x1002.jpg 757w\" sizes=\"(max-width: 300px) 100vw, 300px\" \/><\/a><\/pre>\n<p style=\"text-align: left;\">\u00a0<a href=\"http:\/\/debecker.fr\/Guy\/Blog\/wp-content\/uploads\/2013\/03\/wH12-060T-Veurne-Ambacht1.jpg\"><img decoding=\"async\" loading=\"lazy\" class=\"alignnone size-large wp-image-1031\" alt=\"\" src=\"http:\/\/debecker.fr\/Guy\/Blog\/wp-content\/uploads\/2013\/03\/wH12-060T-Veurne-Ambacht1-1024x483.jpg\" width=\"1024\" height=\"483\" srcset=\"http:\/\/debecker.fr\/Guy\/Blog\/wp-content\/uploads\/2013\/03\/wH12-060T-Veurne-Ambacht1-1024x483.jpg 1024w, http:\/\/debecker.fr\/Guy\/Blog\/wp-content\/uploads\/2013\/03\/wH12-060T-Veurne-Ambacht1-300x141.jpg 300w, http:\/\/debecker.fr\/Guy\/Blog\/wp-content\/uploads\/2013\/03\/wH12-060T-Veurne-Ambacht1.jpg 1272w\" sizes=\"(max-width: 1024px) 100vw, 1024px\" \/><\/a>\u00a0<a href=\"http:\/\/debecker.fr\/Guy\/Blog\/wp-content\/uploads\/2012\/10\/H13-014-Paysage-Lauw-1-80x1002.jpg\"><br \/>\n<\/a><\/p>\n<h3 style=\"text-align: left;\"><em>Voir aussi : &#8230;. extraits des ann\u00e9es pr\u00e9c\u00e9dentes dans les pages Huiles, Aquarelles, Estampes&#8230;<\/em><\/h3>\n","protected":false},"excerpt":{"rendered":"<p>\u00a0 \u00a0\u00a0 Voir aussi : &#8230;. extraits des ann\u00e9es pr\u00e9c\u00e9dentes dans les pages Huiles, Aquarelles, Estampes&#8230;<\/p>\n","protected":false},"author":2,"featured_media":0,"parent":0,"menu_order":2,"comment_status":"open","ping_status":"closed","template":"","meta":{"ngg_post_thumbnail":0},"_links":{"self":[{"href":"http:\/\/debecker.fr\/Guy\/Blog\/wp-json\/wp\/v2\/pages\/849"}],"collection":[{"href":"http:\/\/debecker.fr\/Guy\/Blog\/wp-json\/wp\/v2\/pages"}],"about":[{"href":"http:\/\/debecker.fr\/Guy\/Blog\/wp-json\/wp\/v2\/types\/page"}],"author":[{"embeddable":true,"href":"http:\/\/debecker.fr\/Guy\/Blog\/wp-json\/wp\/v2\/users\/2"}],"replies":[{"embeddable":true,"href":"http:\/\/debecker.fr\/Guy\/Blog\/wp-json\/wp\/v2\/comments?post=849"}],"version-history":[{"count":22,"href":"http:\/\/debecker.fr\/Guy\/Blog\/wp-json\/wp\/v2\/pages\/849\/revisions"}],"predecessor-version":[{"id":1891,"href":"http:\/\/debecker.fr\/Guy\/Blog\/wp-json\/wp\/v2\/pages\/849\/revisions\/1891"}],"wp:attachment":[{"href":"http:\/\/debecker.fr\/Guy\/Blog\/wp-json\/wp\/v2\/media?parent=849"}],"curies":[{"name":"wp","href":"https:\/\/api.w.org\/{rel}","templated":true}]}}